{"id":3857,"date":"2023-09-08T12:06:01","date_gmt":"2023-09-08T12:06:01","guid":{"rendered":"https:\/\/www.2gcc.fr\/?page_id=3857"},"modified":"2024-10-21T12:06:55","modified_gmt":"2024-10-21T12:06:55","slug":"realisations","status":"publish","type":"page","link":"https:\/\/www.2gcc.fr\/en\/realisations\/","title":{"rendered":"R\u00e9alisations"},"content":{"rendered":"<section class=\"wpb-content-wrapper\"><div class=\"vc_row wpb_row vc_row-fluid\"><div class=\"wpb_column vc_column_container vc_col-sm-12\"><div class=\"vc_column-inner\"><div class=\"wpb_wrapper\">\n<div class=\"vc_grid-container-wrapper vc_clearfix vc_grid-animation-zoomIn\">\n\t<div class=\"vc_grid-container vc_clearfix wpb_content_element vc_masonry_grid\" data-initial-loading-animation=\"zoomIn\" data-vc-grid-settings=\"{&quot;page_id&quot;:3857,&quot;style&quot;:&quot;all-masonry&quot;,&quot;action&quot;:&quot;vc_get_vc_grid_data&quot;,&quot;shortcode_id&quot;:&quot;1694180430711-f7f705d6-e248-10&quot;,&quot;tag&quot;:&quot;vc_masonry_grid&quot;}\" data-vc-request=\"https:\/\/www.2gcc.fr\/wp-admin\/admin-ajax.php\" data-vc-post-id=\"3857\" data-vc-public-nonce=\"2f1d848669\">\n\t\t\n\t<\/div>\n<\/div><\/div><\/div><\/div><\/div>\n<\/section>","protected":false},"excerpt":{"rendered":"","protected":false},"author":1,"featured_media":0,"parent":0,"menu_order":0,"comment_status":"closed","ping_status":"closed","template":"","meta":{"footnotes":""},"class_list":["post-3857","page","type-page","status-publish","hentry"],"yoast_head":"<!-- This site is optimized with the Yoast SEO plugin v26.7 - https:\/\/yoast.com\/wordpress\/plugins\/seo\/ -->\n<title>R\u00e9alisations - 2GCC<\/title>\n<meta name=\"description\" content=\"Les r\u00e9alisations de 2GCC : charpente, couverture, panneaux solaires et r\u00e9novation \u00e9nerg\u00e9tique, tous r\u00e9alis\u00e9s avec expertise et engagement.\" \/>\n<meta name=\"robots\" content=\"index, follow, max-snippet:-1, max-image-preview:large, max-video-preview:-1\" \/>\n<link rel=\"canonical\" href=\"https:\/\/www.2gcc.fr\/en\/realisations\/\" \/>\n<meta property=\"og:locale\" content=\"en_US\" \/>\n<meta property=\"og:type\" content=\"article\" \/>\n<meta property=\"og:title\" content=\"R\u00e9alisations - 2GCC\" \/>\n<meta property=\"og:description\" content=\"Les r\u00e9alisations de 2GCC : charpente, couverture, panneaux solaires et r\u00e9novation \u00e9nerg\u00e9tique, tous r\u00e9alis\u00e9s avec expertise et engagement.\" \/>\n<meta property=\"og:url\" content=\"https:\/\/www.2gcc.fr\/en\/realisations\/\" \/>\n<meta property=\"og:site_name\" content=\"2GCC\" \/>\n<meta property=\"article:modified_time\" content=\"2024-10-21T12:06:55+00:00\" \/>\n<meta name=\"twitter:card\" content=\"summary_large_image\" \/>\n<meta name=\"twitter:label1\" content=\"Est. reading time\" \/>\n\t<meta name=\"twitter:data1\" content=\"1 minute\" \/>\n<script type=\"application\/ld+json\" class=\"yoast-schema-graph\">{\"@context\":\"https:\/\/schema.org\",\"@graph\":[{\"@type\":\"WebPage\",\"@id\":\"https:\/\/www.2gcc.fr\/realisations\/\",\"url\":\"https:\/\/www.2gcc.fr\/realisations\/\",\"name\":\"R\u00e9alisations - 2GCC\",\"isPartOf\":{\"@id\":\"https:\/\/www.2gcc.fr\/#website\"},\"datePublished\":\"2023-09-08T12:06:01+00:00\",\"dateModified\":\"2024-10-21T12:06:55+00:00\",\"description\":\"Les r\u00e9alisations de 2GCC : charpente, couverture, panneaux solaires et r\u00e9novation \u00e9nerg\u00e9tique, tous r\u00e9alis\u00e9s avec expertise et engagement.\",\"breadcrumb\":{\"@id\":\"https:\/\/www.2gcc.fr\/realisations\/#breadcrumb\"},\"inLanguage\":\"en-US\",\"potentialAction\":[{\"@type\":\"ReadAction\",\"target\":[\"https:\/\/www.2gcc.fr\/realisations\/\"]}]},{\"@type\":\"BreadcrumbList\",\"@id\":\"https:\/\/www.2gcc.fr\/realisations\/#breadcrumb\",\"itemListElement\":[{\"@type\":\"ListItem\",\"position\":1,\"name\":\"Accueil\",\"item\":\"https:\/\/www.2gcc.fr\/\"},{\"@type\":\"ListItem\",\"position\":2,\"name\":\"R\u00e9alisations\"}]},{\"@type\":\"WebSite\",\"@id\":\"https:\/\/www.2gcc.fr\/#website\",\"url\":\"https:\/\/www.2gcc.fr\/\",\"name\":\"2GCC\",\"description\":\"2Gcc : Deux Fr\u00e8res, Un m\u00e9tier CONSTRUIRE, INNOVER, S\u2019ENGAGER\",\"potentialAction\":[{\"@type\":\"SearchAction\",\"target\":{\"@type\":\"EntryPoint\",\"urlTemplate\":\"https:\/\/www.2gcc.fr\/?s={search_term_string}\"},\"query-input\":{\"@type\":\"PropertyValueSpecification\",\"valueRequired\":true,\"valueName\":\"search_term_string\"}}],\"inLanguage\":\"en-US\"}]}<\/script>\n<!-- \/ Yoast SEO plugin. -->","yoast_head_json":{"title":"R\u00e9alisations - 2GCC","description":"Les r\u00e9alisations de 2GCC : charpente, couverture, panneaux solaires et r\u00e9novation \u00e9nerg\u00e9tique, tous r\u00e9alis\u00e9s avec expertise et engagement.","robots":{"index":"index","follow":"follow","max-snippet":"max-snippet:-1","max-image-preview":"max-image-preview:large","max-video-preview":"max-video-preview:-1"},"canonical":"https:\/\/www.2gcc.fr\/en\/realisations\/","og_locale":"en_US","og_type":"article","og_title":"R\u00e9alisations - 2GCC","og_description":"Les r\u00e9alisations de 2GCC : charpente, couverture, panneaux solaires et r\u00e9novation \u00e9nerg\u00e9tique, tous r\u00e9alis\u00e9s avec expertise et engagement.","og_url":"https:\/\/www.2gcc.fr\/en\/realisations\/","og_site_name":"2GCC","article_modified_time":"2024-10-21T12:06:55+00:00","twitter_card":"summary_large_image","twitter_misc":{"Est. reading time":"1 minute"},"schema":{"@context":"https:\/\/schema.org","@graph":[{"@type":"WebPage","@id":"https:\/\/www.2gcc.fr\/realisations\/","url":"https:\/\/www.2gcc.fr\/realisations\/","name":"R\u00e9alisations - 2GCC","isPartOf":{"@id":"https:\/\/www.2gcc.fr\/#website"},"datePublished":"2023-09-08T12:06:01+00:00","dateModified":"2024-10-21T12:06:55+00:00","description":"Les r\u00e9alisations de 2GCC : charpente, couverture, panneaux solaires et r\u00e9novation \u00e9nerg\u00e9tique, tous r\u00e9alis\u00e9s avec expertise et engagement.","breadcrumb":{"@id":"https:\/\/www.2gcc.fr\/realisations\/#breadcrumb"},"inLanguage":"en-US","potentialAction":[{"@type":"ReadAction","target":["https:\/\/www.2gcc.fr\/realisations\/"]}]},{"@type":"BreadcrumbList","@id":"https:\/\/www.2gcc.fr\/realisations\/#breadcrumb","itemListElement":[{"@type":"ListItem","position":1,"name":"Accueil","item":"https:\/\/www.2gcc.fr\/"},{"@type":"ListItem","position":2,"name":"R\u00e9alisations"}]},{"@type":"WebSite","@id":"https:\/\/www.2gcc.fr\/#website","url":"https:\/\/www.2gcc.fr\/","name":"2GCC","description":"2Gcc : Deux Fr\u00e8res, Un m\u00e9tier CONSTRUIRE, INNOVER, S\u2019ENGAGER","potentialAction":[{"@type":"SearchAction","target":{"@type":"EntryPoint","urlTemplate":"https:\/\/www.2gcc.fr\/?s={search_term_string}"},"query-input":{"@type":"PropertyValueSpecification","valueRequired":true,"valueName":"search_term_string"}}],"inLanguage":"en-US"}]}},"_links":{"self":[{"href":"https:\/\/www.2gcc.fr\/en\/wp-json\/wp\/v2\/pages\/3857","targetHints":{"allow":["GET"]}}],"collection":[{"href":"https:\/\/www.2gcc.fr\/en\/wp-json\/wp\/v2\/pages"}],"about":[{"href":"https:\/\/www.2gcc.fr\/en\/wp-json\/wp\/v2\/types\/page"}],"author":[{"embeddable":true,"href":"https:\/\/www.2gcc.fr\/en\/wp-json\/wp\/v2\/users\/1"}],"replies":[{"embeddable":true,"href":"https:\/\/www.2gcc.fr\/en\/wp-json\/wp\/v2\/comments?post=3857"}],"version-history":[{"count":7,"href":"https:\/\/www.2gcc.fr\/en\/wp-json\/wp\/v2\/pages\/3857\/revisions"}],"predecessor-version":[{"id":4171,"href":"https:\/\/www.2gcc.fr\/en\/wp-json\/wp\/v2\/pages\/3857\/revisions\/4171"}],"wp:attachment":[{"href":"https:\/\/www.2gcc.fr\/en\/wp-json\/wp\/v2\/media?parent=3857"}],"curies":[{"name":"wp","href":"https:\/\/api.w.org\/{rel}","templated":true}]}}