{"id":325,"date":"2016-10-17T12:54:34","date_gmt":"2016-10-17T12:54:34","guid":{"rendered":"https:\/\/www.2gcc.fr\/?page_id=325"},"modified":"2024-10-21T12:05:51","modified_gmt":"2024-10-21T12:05:51","slug":"qui-sommes-nous","status":"publish","type":"page","link":"https:\/\/www.2gcc.fr\/en\/qui-sommes-nous\/","title":{"rendered":"Qui sommes-nous ?"},"content":{"rendered":"<section class=\"wpb-content-wrapper\"><div data-vc-full-width=\"true\" data-vc-full-width-init=\"false\" class=\"vc_row wpb_row vc_row-fluid vc_custom_1694606813710 vc_row-has-fill vc_row-o-content-middle vc_row-flex\"><div class=\"texte-strong wpb_column vc_column_container vc_col-sm-6\"><div class=\"vc_column-inner\"><div class=\"wpb_wrapper\"><div id=\"sc_title_955535835\"\r\n\t\tclass=\"sc_title sc_title_default titre  vc_custom_1694164956203\"><h2 class=\"sc_item_title sc_title_title sc_align_default sc_item_title_style_accented_title\">L'histoire<\/h2><h6 class=\"sc_item_subtitle sc_title_subtitle sc_align_default sc_item_title_style_accented_title\">de 2GCC<\/h6><\/div><!-- \/.sc_title -->\n\t<div class=\"wpb_text_column wpb_content_element  vc_custom_1714739803760\" >\n\t\t<div class=\"wpb_wrapper\">\n\t\t\t<p>C\u2019est apr\u00e8s plusieurs ann\u00e9es d\u2019exp\u00e9rience professionnelle et une g\u00e9mellit\u00e9 pour atout, que nous avons\u00a0<strong>cr\u00e9\u00e9 2Gcc<\/strong>. Une soci\u00e9t\u00e9 qui se veut\u00a0<strong>dynamique, r\u00e9active<\/strong>\u00a0et offrant plusieurs domaines de comp\u00e9tences : Charpente Ossature bois, couverture, zinguerie, isolation-r\u00e9novation \u00e9nerg\u00e9tique, am\u00e9nagement bois, pose de panneaux solaires, Velux.<\/p>\n<p>C\u2019est un projet qui nous tenait \u00e0 coeur depuis longtemps, et qui nous permet de\u00a0<strong>combiner nos savoir-faire compl\u00e9mentaires<\/strong>.<br \/>\nDu d\u00e9pannage ponctuel, \u00e0 la r\u00e9alisation de projets cl\u00e9 en main, nous mettons tout\u00a0<strong>notre engagement<\/strong>\u00a0au service de la r\u00e9alisation de vos projets.<\/p>\n<p>Que \u00e7a soit en r\u00e9novation ou en neuf, nous accompagnons au maximum nos clients avec un suivi tout au long des projets (d\u00e9marches administratives, \u00e9tudes pr\u00e9alables, maquettes\/mod\u00e9lisations 3D, mise au point, coordination avec les autres intervenants).<\/p>\n<p><strong>Depuis bient\u00f4t 10 ans<\/strong>, notre conscience professionnelle nous a permis de satisfaire nos clients.<\/p>\n\n\t\t<\/div>\n\t<\/div>\n<\/div><\/div><\/div><div class=\"wpb_column vc_column_container vc_col-sm-6\"><div class=\"vc_column-inner\"><div class=\"wpb_wrapper\">\n\t<div  class=\"wpb_single_image wpb_content_element vc_align_center   image\">\n\t\t\n\t\t<figure class=\"wpb_wrapper vc_figure\">\n\t\t\t<div class=\"vc_single_image-wrapper   vc_box_border_grey\"><img loading=\"lazy\" decoding=\"async\" width=\"1024\" height=\"768\" src=\"https:\/\/www.2gcc.fr\/wp-content\/uploads\/2023\/09\/Qui-sommes-nous-logo-1024x768.jpg\" class=\"vc_single_image-img attachment-large\" alt=\"\" title=\"Qui-sommes-nous-logo\" srcset=\"https:\/\/www.2gcc.fr\/wp-content\/uploads\/2023\/09\/Qui-sommes-nous-logo-1024x768.jpg 1024w, https:\/\/www.2gcc.fr\/wp-content\/uploads\/2023\/09\/Qui-sommes-nous-logo-300x225.jpg 300w, https:\/\/www.2gcc.fr\/wp-content\/uploads\/2023\/09\/Qui-sommes-nous-logo-768x576.jpg 768w, https:\/\/www.2gcc.fr\/wp-content\/uploads\/2023\/09\/Qui-sommes-nous-logo-370x278.jpg 370w, https:\/\/www.2gcc.fr\/wp-content\/uploads\/2023\/09\/Qui-sommes-nous-logo-770x578.jpg 770w, https:\/\/www.2gcc.fr\/wp-content\/uploads\/2023\/09\/Qui-sommes-nous-logo.jpg 1280w\" sizes=\"auto, (max-width: 1024px) 100vw, 1024px\" \/><\/div>\n\t\t<\/figure>\n\t<\/div>\n<\/div><\/div><\/div><\/div><div class=\"vc_row-full-width vc_clearfix\"><\/div><div data-vc-full-width=\"true\" data-vc-full-width-init=\"false\" class=\"vc_row wpb_row vc_row-fluid vc_custom_1694677875090 vc_row-has-fill vc_row-o-content-bottom vc_row-flex\"><div class=\"wpb_column vc_column_container vc_col-sm-3\"><div class=\"vc_column-inner\"><div class=\"wpb_wrapper\">\n\t<div class=\"wpb_raw_code wpb_content_element wpb_raw_html\" >\n\t\t<div class=\"wpb_wrapper\">\n\t\t\t<a href=\"\"> <div class=\"colonne\"> <img decoding=\"async\" width=\"90\" src=\"\/wp-content\/uploads\/2023\/09\/poignee-de-main.png\"> <h4>Conscience professionnelle <br> et engagement <br><\/h4><\/div><\/a>\n\t\t<\/div>\n\t<\/div>\n<\/div><\/div><\/div><div class=\"wpb_column vc_column_container vc_col-sm-3\"><div class=\"vc_column-inner\"><div class=\"wpb_wrapper\">\n\t<div class=\"wpb_raw_code wpb_content_element wpb_raw_html\" >\n\t\t<div class=\"wpb_wrapper\">\n\t\t\t<a href=\"\"> <div class=\"colonne\"> <img decoding=\"async\" width=\"70\" src=\"\/wp-content\/uploads\/2023\/09\/certificat-de-garantie.png\"> <h4>Entreprise experte et certifi\u00e9e (RGE, qualibat...)<\/h4><\/div><\/a>\n\t\t<\/div>\n\t<\/div>\n<\/div><\/div><\/div><div class=\"wpb_column vc_column_container vc_col-sm-3\"><div class=\"vc_column-inner\"><div class=\"wpb_wrapper\">\n\t<div class=\"wpb_raw_code wpb_content_element wpb_raw_html\" >\n\t\t<div class=\"wpb_wrapper\">\n\t\t\t<a href=\"\"> <div class=\"colonne\"> <img decoding=\"async\" width=\"80\" src=\"https:\/\/www.2gcc.fr\/wp-content\/uploads\/2023\/09\/groupe.png\"> <h4>Accompagnement de la conception \u00e0 la r\u00e9alisation de vos projets <\/h4><\/div><\/a>\n\t\t<\/div>\n\t<\/div>\n<\/div><\/div><\/div><div class=\"wpb_column vc_column_container vc_col-sm-3\"><div class=\"vc_column-inner\"><div class=\"wpb_wrapper\">\n\t<div class=\"wpb_raw_code wpb_content_element wpb_raw_html\" >\n\t\t<div class=\"wpb_wrapper\">\n\t\t\t<a href=\"\"> <div class=\"colonne\"> <img decoding=\"async\" width=\"70\" src=\"\/wp-content\/uploads\/2023\/09\/programme.png\"> <h4>Excellent rapport<br>qualit\u00e9 \/ prix <\/h4><\/div><\/a>\n\t\t<\/div>\n\t<\/div>\n<\/div><\/div><\/div><\/div><div class=\"vc_row-full-width vc_clearfix\"><\/div><div data-vc-full-width=\"true\" data-vc-full-width-init=\"false\" class=\"vc_row wpb_row vc_row-fluid vc_custom_1694181550642\"><div class=\"wpb_column vc_column_container vc_col-sm-12\"><div class=\"vc_column-inner\"><div class=\"wpb_wrapper\"><div id=\"sc_title_2082081040\"\r\n\t\tclass=\"sc_title sc_title_default\"><h2 class=\"sc_item_title sc_title_title sc_align_default sc_item_title_style_default\">Nos r\u00e9alisations<\/h2><h6 class=\"sc_item_subtitle sc_title_subtitle sc_align_default sc_item_title_style_default\">\u00e0 d\u00e9couvrir<\/h6><\/div><!-- \/.sc_title -->\n<div class=\"vc_grid-container-wrapper vc_clearfix vc_grid-animation-zoomIn\">\n\t<div class=\"vc_grid-container vc_clearfix wpb_content_element vc_masonry_grid grille\" data-initial-loading-animation=\"zoomIn\" data-vc-grid-settings=\"{&quot;page_id&quot;:325,&quot;style&quot;:&quot;all-masonry&quot;,&quot;action&quot;:&quot;vc_get_vc_grid_data&quot;,&quot;shortcode_id&quot;:&quot;1721892844047-eb8bd821-9618-9&quot;,&quot;tag&quot;:&quot;vc_masonry_grid&quot;}\" data-vc-request=\"https:\/\/www.2gcc.fr\/wp-admin\/admin-ajax.php\" data-vc-post-id=\"325\" data-vc-public-nonce=\"2f1d848669\">\n\t\t\n\t<\/div>\n<\/div><div class=\"vc_btn3-container  cta-rouge vc_btn3-center\" ><a class=\"vc_general vc_btn3 vc_btn3-size-md vc_btn3-shape-round vc_btn3-style-modern vc_btn3-color-juicy-pink\" href=\"https:\/\/www.2gcc.fr\/en\/realisations\/\" title=\"Contacts\">Tout voir<\/a><\/div><\/div><\/div><\/div><\/div><div class=\"vc_row-full-width vc_clearfix\"><\/div><div data-vc-full-width=\"true\" data-vc-full-width-init=\"false\" class=\"vc_row wpb_row vc_row-fluid custom_action vc_custom_1694166357573 vc_row-has-fill\"><div class=\"cta wpb_column vc_column_container vc_col-sm-12\"><div class=\"vc_column-inner\"><div class=\"wpb_wrapper\"><section class=\"vc_cta3-container\"><div class=\"vc_general vc_cta3 vc_cta3-style-classic vc_cta3-shape-square vc_cta3-align-left vc_cta3-color-white vc_cta3-icon-size-md vc_cta3-actions-bottom vc_custom_1694168638987\"><div class=\"vc_cta3_content-container\"><div class=\"vc_cta3-content\"><header class=\"vc_cta3-content-header\"><h2 style=\"font-size: 1.933em;text-align: left\" class=\"vc_custom_heading\" >Des projets sur mesure, de la conception \u00e0 la r\u00e9alisation, avec un r\u00e9seau de partenaires de qualit\u00e9.<\/h2><\/header><\/div><div class=\"vc_cta3-actions\"><div class=\"vc_btn3-container vc_btn3-inline\" ><a class=\"vc_general vc_btn3 vc_btn3-size-md vc_btn3-shape-round vc_btn3-style-modern vc_btn3-color-white\" href=\"\/en\/contacts\/\" title=\"Contacts\">J'ai un projet<\/a><\/div><\/div><\/div><\/div><\/section><\/div><\/div><\/div><\/div><div class=\"vc_row-full-width vc_clearfix\"><\/div>\n<\/section>","protected":false},"excerpt":{"rendered":"L'histoirede 2GCC C\u2019est apr\u00e8s plusieurs ann\u00e9es d\u2019exp\u00e9rience professionnelle et une g\u00e9mellit\u00e9 pour atout, que nous avons\u00a0cr\u00e9\u00e9 2Gcc. Une soci\u00e9t\u00e9 qui se veut\u00a0dynamique, r\u00e9active\u00a0et offrant plusieurs domaines de comp\u00e9tences : Charpente Ossature bois, couverture, zinguerie, isolation-r\u00e9novation \u00e9nerg\u00e9tique, am\u00e9nagement bois, pose de panneaux solaires, Velux. C\u2019est un projet qui nous tenait \u00e0 coeur depuis longtemps, et qui nous permet de\u00a0combiner nos savoir-faire&hellip;","protected":false},"author":1,"featured_media":0,"parent":0,"menu_order":0,"comment_status":"closed","ping_status":"closed","template":"","meta":{"footnotes":""},"class_list":["post-325","page","type-page","status-publish","hentry"],"yoast_head":"<!-- This site is optimized with the Yoast SEO plugin v26.7 - https:\/\/yoast.com\/wordpress\/plugins\/seo\/ -->\n<title>Qui sommes-nous ? - 2GCC<\/title>\n<meta name=\"description\" content=\"2GCC, une entreprise familiale sp\u00e9cialis\u00e9e en charpente, couverture et r\u00e9novation \u00e9nerg\u00e9tique. Nous sommes engag\u00e9s pour des projets durables et innovants.\" \/>\n<meta name=\"robots\" content=\"index, follow, max-snippet:-1, max-image-preview:large, max-video-preview:-1\" \/>\n<link rel=\"canonical\" href=\"https:\/\/www.2gcc.fr\/en\/qui-sommes-nous\/\" \/>\n<meta property=\"og:locale\" content=\"en_US\" \/>\n<meta property=\"og:type\" content=\"article\" \/>\n<meta property=\"og:title\" content=\"Qui sommes-nous ? - 2GCC\" \/>\n<meta property=\"og:description\" content=\"2GCC, une entreprise familiale sp\u00e9cialis\u00e9e en charpente, couverture et r\u00e9novation \u00e9nerg\u00e9tique. Nous sommes engag\u00e9s pour des projets durables et innovants.\" \/>\n<meta property=\"og:url\" content=\"https:\/\/www.2gcc.fr\/en\/qui-sommes-nous\/\" \/>\n<meta property=\"og:site_name\" content=\"2GCC\" \/>\n<meta property=\"article:modified_time\" content=\"2024-10-21T12:05:51+00:00\" \/>\n<meta name=\"twitter:card\" content=\"summary_large_image\" \/>\n<meta name=\"twitter:label1\" content=\"Est. reading time\" \/>\n\t<meta name=\"twitter:data1\" content=\"2 minutes\" \/>\n<script type=\"application\/ld+json\" class=\"yoast-schema-graph\">{\"@context\":\"https:\/\/schema.org\",\"@graph\":[{\"@type\":\"WebPage\",\"@id\":\"https:\/\/www.2gcc.fr\/qui-sommes-nous\/\",\"url\":\"https:\/\/www.2gcc.fr\/qui-sommes-nous\/\",\"name\":\"Qui sommes-nous ? - 2GCC\",\"isPartOf\":{\"@id\":\"https:\/\/www.2gcc.fr\/#website\"},\"datePublished\":\"2016-10-17T12:54:34+00:00\",\"dateModified\":\"2024-10-21T12:05:51+00:00\",\"description\":\"2GCC, une entreprise familiale sp\u00e9cialis\u00e9e en charpente, couverture et r\u00e9novation \u00e9nerg\u00e9tique. Nous sommes engag\u00e9s pour des projets durables et innovants.\",\"breadcrumb\":{\"@id\":\"https:\/\/www.2gcc.fr\/qui-sommes-nous\/#breadcrumb\"},\"inLanguage\":\"en-US\",\"potentialAction\":[{\"@type\":\"ReadAction\",\"target\":[\"https:\/\/www.2gcc.fr\/qui-sommes-nous\/\"]}]},{\"@type\":\"BreadcrumbList\",\"@id\":\"https:\/\/www.2gcc.fr\/qui-sommes-nous\/#breadcrumb\",\"itemListElement\":[{\"@type\":\"ListItem\",\"position\":1,\"name\":\"Accueil\",\"item\":\"https:\/\/www.2gcc.fr\/\"},{\"@type\":\"ListItem\",\"position\":2,\"name\":\"Qui sommes-nous ?\"}]},{\"@type\":\"WebSite\",\"@id\":\"https:\/\/www.2gcc.fr\/#website\",\"url\":\"https:\/\/www.2gcc.fr\/\",\"name\":\"2GCC\",\"description\":\"2Gcc : Deux Fr\u00e8res, Un m\u00e9tier CONSTRUIRE, INNOVER, S\u2019ENGAGER\",\"potentialAction\":[{\"@type\":\"SearchAction\",\"target\":{\"@type\":\"EntryPoint\",\"urlTemplate\":\"https:\/\/www.2gcc.fr\/?s={search_term_string}\"},\"query-input\":{\"@type\":\"PropertyValueSpecification\",\"valueRequired\":true,\"valueName\":\"search_term_string\"}}],\"inLanguage\":\"en-US\"}]}<\/script>\n<!-- \/ Yoast SEO plugin. -->","yoast_head_json":{"title":"Qui sommes-nous ? - 2GCC","description":"2GCC, une entreprise familiale sp\u00e9cialis\u00e9e en charpente, couverture et r\u00e9novation \u00e9nerg\u00e9tique. Nous sommes engag\u00e9s pour des projets durables et innovants.","robots":{"index":"index","follow":"follow","max-snippet":"max-snippet:-1","max-image-preview":"max-image-preview:large","max-video-preview":"max-video-preview:-1"},"canonical":"https:\/\/www.2gcc.fr\/en\/qui-sommes-nous\/","og_locale":"en_US","og_type":"article","og_title":"Qui sommes-nous ? - 2GCC","og_description":"2GCC, une entreprise familiale sp\u00e9cialis\u00e9e en charpente, couverture et r\u00e9novation \u00e9nerg\u00e9tique. Nous sommes engag\u00e9s pour des projets durables et innovants.","og_url":"https:\/\/www.2gcc.fr\/en\/qui-sommes-nous\/","og_site_name":"2GCC","article_modified_time":"2024-10-21T12:05:51+00:00","twitter_card":"summary_large_image","twitter_misc":{"Est. reading time":"2 minutes"},"schema":{"@context":"https:\/\/schema.org","@graph":[{"@type":"WebPage","@id":"https:\/\/www.2gcc.fr\/qui-sommes-nous\/","url":"https:\/\/www.2gcc.fr\/qui-sommes-nous\/","name":"Qui sommes-nous ? - 2GCC","isPartOf":{"@id":"https:\/\/www.2gcc.fr\/#website"},"datePublished":"2016-10-17T12:54:34+00:00","dateModified":"2024-10-21T12:05:51+00:00","description":"2GCC, une entreprise familiale sp\u00e9cialis\u00e9e en charpente, couverture et r\u00e9novation \u00e9nerg\u00e9tique. Nous sommes engag\u00e9s pour des projets durables et innovants.","breadcrumb":{"@id":"https:\/\/www.2gcc.fr\/qui-sommes-nous\/#breadcrumb"},"inLanguage":"en-US","potentialAction":[{"@type":"ReadAction","target":["https:\/\/www.2gcc.fr\/qui-sommes-nous\/"]}]},{"@type":"BreadcrumbList","@id":"https:\/\/www.2gcc.fr\/qui-sommes-nous\/#breadcrumb","itemListElement":[{"@type":"ListItem","position":1,"name":"Accueil","item":"https:\/\/www.2gcc.fr\/"},{"@type":"ListItem","position":2,"name":"Qui sommes-nous ?"}]},{"@type":"WebSite","@id":"https:\/\/www.2gcc.fr\/#website","url":"https:\/\/www.2gcc.fr\/","name":"2GCC","description":"2Gcc : Deux Fr\u00e8res, Un m\u00e9tier CONSTRUIRE, INNOVER, S\u2019ENGAGER","potentialAction":[{"@type":"SearchAction","target":{"@type":"EntryPoint","urlTemplate":"https:\/\/www.2gcc.fr\/?s={search_term_string}"},"query-input":{"@type":"PropertyValueSpecification","valueRequired":true,"valueName":"search_term_string"}}],"inLanguage":"en-US"}]}},"_links":{"self":[{"href":"https:\/\/www.2gcc.fr\/en\/wp-json\/wp\/v2\/pages\/325","targetHints":{"allow":["GET"]}}],"collection":[{"href":"https:\/\/www.2gcc.fr\/en\/wp-json\/wp\/v2\/pages"}],"about":[{"href":"https:\/\/www.2gcc.fr\/en\/wp-json\/wp\/v2\/types\/page"}],"author":[{"embeddable":true,"href":"https:\/\/www.2gcc.fr\/en\/wp-json\/wp\/v2\/users\/1"}],"replies":[{"embeddable":true,"href":"https:\/\/www.2gcc.fr\/en\/wp-json\/wp\/v2\/comments?post=325"}],"version-history":[{"count":17,"href":"https:\/\/www.2gcc.fr\/en\/wp-json\/wp\/v2\/pages\/325\/revisions"}],"predecessor-version":[{"id":4198,"href":"https:\/\/www.2gcc.fr\/en\/wp-json\/wp\/v2\/pages\/325\/revisions\/4198"}],"wp:attachment":[{"href":"https:\/\/www.2gcc.fr\/en\/wp-json\/wp\/v2\/media?parent=325"}],"curies":[{"name":"wp","href":"https:\/\/api.w.org\/{rel}","templated":true}]}}