{"id":314,"date":"2016-10-17T12:05:23","date_gmt":"2016-10-17T12:05:23","guid":{"rendered":"https:\/\/www.2gcc.fr\/?page_id=314"},"modified":"2024-10-21T12:07:50","modified_gmt":"2024-10-21T12:07:50","slug":"savoir-faire","status":"publish","type":"page","link":"https:\/\/www.2gcc.fr\/en\/savoir-faire\/","title":{"rendered":"Savoir-Faire"},"content":{"rendered":"<section class=\"wpb-content-wrapper\"><div id=\"charpente\" data-vc-full-width=\"true\" data-vc-full-width-init=\"false\" data-vc-stretch-content=\"true\" class=\"vc_row wpb_row vc_row-fluid vc_row-no-padding vc_row-o-content-middle vc_row-flex\"><div class=\"texte-gauche wpb_column vc_column_container vc_col-sm-6\"><div class=\"vc_column-inner\"><div class=\"wpb_wrapper\"><div id=\"sc_title_1200447794\"\r\n\t\tclass=\"sc_title sc_title_default  vc_custom_1694681462913\"><h2 class=\"sc_item_title sc_title_title sc_align_default sc_item_title_style_default\">Charpente<\/h2><\/div><!-- \/.sc_title -->\n\t<div class=\"wpb_text_column wpb_content_element\" >\n\t\t<div class=\"wpb_wrapper\">\n\t\t\t<ul type=\"disc\">\n<li>Conception, \u00e9tude 3D, dimensionnement, plans pr\u00e9projet et plans d\u2019ex\u00e9cution<u><\/u><u><\/u><\/li>\n<li>R\u00e9alisation de charpente traditionnelle ou industrielle<u><\/u><u><\/u><\/li>\n<li>Charpente maison individuelle, extension, Auvent bois, carport, Pergolas<\/li>\n<\/ul>\n\n\t\t<\/div>\n\t<\/div>\n<\/div><\/div><\/div><div class=\"wpb_column vc_column_container vc_col-sm-6\"><div class=\"vc_column-inner\"><div class=\"wpb_wrapper\">\n\t<div  class=\"wpb_single_image wpb_content_element vc_align_center   image\">\n\t\t\n\t\t<figure class=\"wpb_wrapper vc_figure\">\n\t\t\t<div class=\"vc_single_image-wrapper   vc_box_border_grey\"><img loading=\"lazy\" decoding=\"async\" width=\"1024\" height=\"768\" src=\"https:\/\/www.2gcc.fr\/wp-content\/uploads\/2023\/09\/N\u00b01-CHARPENTE-1024x768.jpg\" class=\"vc_single_image-img attachment-large\" alt=\"\" title=\"N\u00b01 CHARPENTE\" srcset=\"https:\/\/www.2gcc.fr\/wp-content\/uploads\/2023\/09\/N\u00b01-CHARPENTE-1024x768.jpg 1024w, https:\/\/www.2gcc.fr\/wp-content\/uploads\/2023\/09\/N\u00b01-CHARPENTE-300x225.jpg 300w, https:\/\/www.2gcc.fr\/wp-content\/uploads\/2023\/09\/N\u00b01-CHARPENTE-768x576.jpg 768w, https:\/\/www.2gcc.fr\/wp-content\/uploads\/2023\/09\/N\u00b01-CHARPENTE-1536x1152.jpg 1536w, https:\/\/www.2gcc.fr\/wp-content\/uploads\/2023\/09\/N\u00b01-CHARPENTE-370x278.jpg 370w, https:\/\/www.2gcc.fr\/wp-content\/uploads\/2023\/09\/N\u00b01-CHARPENTE-770x578.jpg 770w, https:\/\/www.2gcc.fr\/wp-content\/uploads\/2023\/09\/N\u00b01-CHARPENTE-600x450.jpg 600w, https:\/\/www.2gcc.fr\/wp-content\/uploads\/2023\/09\/N\u00b01-CHARPENTE.jpg 1920w\" sizes=\"auto, (max-width: 1024px) 100vw, 1024px\" \/><\/div>\n\t\t<\/figure>\n\t<\/div>\n<\/div><\/div><\/div><\/div><div class=\"vc_row-full-width vc_clearfix\"><\/div><div id=\"ossature\" data-vc-full-width=\"true\" data-vc-full-width-init=\"false\" data-vc-stretch-content=\"true\" class=\"vc_row wpb_row vc_row-fluid vc_row-no-padding vc_row-o-content-middle vc_row-flex\"><div class=\"wpb_column vc_column_container vc_col-sm-6\"><div class=\"vc_column-inner\"><div class=\"wpb_wrapper\">\n\t<div  class=\"wpb_single_image wpb_content_element vc_align_center   image\">\n\t\t\n\t\t<figure class=\"wpb_wrapper vc_figure\">\n\t\t\t<div class=\"vc_single_image-wrapper   vc_box_border_grey\"><img loading=\"lazy\" decoding=\"async\" width=\"1024\" height=\"754\" src=\"https:\/\/www.2gcc.fr\/wp-content\/uploads\/2023\/09\/N\u00b01OSSATURE-BOIS-1024x754.jpg\" class=\"vc_single_image-img attachment-large\" alt=\"\" title=\"N\u00b01OSSATURE BOIS\" srcset=\"https:\/\/www.2gcc.fr\/wp-content\/uploads\/2023\/09\/N\u00b01OSSATURE-BOIS-1024x754.jpg 1024w, https:\/\/www.2gcc.fr\/wp-content\/uploads\/2023\/09\/N\u00b01OSSATURE-BOIS-300x221.jpg 300w, https:\/\/www.2gcc.fr\/wp-content\/uploads\/2023\/09\/N\u00b01OSSATURE-BOIS-768x566.jpg 768w, https:\/\/www.2gcc.fr\/wp-content\/uploads\/2023\/09\/N\u00b01OSSATURE-BOIS-1536x1131.jpg 1536w, https:\/\/www.2gcc.fr\/wp-content\/uploads\/2023\/09\/N\u00b01OSSATURE-BOIS-370x272.jpg 370w, https:\/\/www.2gcc.fr\/wp-content\/uploads\/2023\/09\/N\u00b01OSSATURE-BOIS-770x567.jpg 770w, https:\/\/www.2gcc.fr\/wp-content\/uploads\/2023\/09\/N\u00b01OSSATURE-BOIS-600x442.jpg 600w, https:\/\/www.2gcc.fr\/wp-content\/uploads\/2023\/09\/N\u00b01OSSATURE-BOIS.jpg 1920w\" sizes=\"auto, (max-width: 1024px) 100vw, 1024px\" \/><\/div>\n\t\t<\/figure>\n\t<\/div>\n<\/div><\/div><\/div><div class=\"texte-droite wpb_column vc_column_container vc_col-sm-6\"><div class=\"vc_column-inner\"><div class=\"wpb_wrapper\"><div id=\"sc_title_1254741296\"\r\n\t\tclass=\"sc_title sc_title_default  vc_custom_1694681473521\"><h2 class=\"sc_item_title sc_title_title sc_align_default sc_item_title_style_default\">Ossature Bois<\/h2><\/div><!-- \/.sc_title -->\n\t<div class=\"wpb_text_column wpb_content_element\" >\n\t\t<div class=\"wpb_wrapper\">\n\t\t\t<ul>\n<li>Conception logiciel 3D, \u00e9tude 3D, dimensionnement, plans pr\u00e9projet et plans d\u2019ex\u00e9cution et r\u00e9alisation par nos soins de murs ossatures bois :\n<ul>\n<li>Agrandissement<\/li>\n<li>Maison bois<\/li>\n<\/ul>\n<\/li>\n<\/ul>\n\n\t\t<\/div>\n\t<\/div>\n<\/div><\/div><\/div><\/div><div class=\"vc_row-full-width vc_clearfix\"><\/div><div id=\"couverture\" data-vc-full-width=\"true\" data-vc-full-width-init=\"false\" data-vc-stretch-content=\"true\" class=\"vc_row wpb_row vc_row-fluid vc_row-no-padding vc_row-o-content-middle vc_row-flex\"><div class=\"texte-gauche wpb_column vc_column_container vc_col-sm-6\"><div class=\"vc_column-inner\"><div class=\"wpb_wrapper\"><div id=\"sc_title_535168740\"\r\n\t\tclass=\"sc_title sc_title_default  vc_custom_1694681484365\"><h2 class=\"sc_item_title sc_title_title sc_align_default sc_item_title_style_default\">Couverture zinguerie<\/h2><\/div><!-- \/.sc_title -->\n\t<div class=\"wpb_text_column wpb_content_element\" >\n\t\t<div class=\"wpb_wrapper\">\n\t\t\t<ul>\n<li>R\u00e9alisation de toiture en neuf ou r\u00e9novation en tuile, bac acier, membrane EPDM.<\/li>\n<li>Traitement de la zinguerie :\n<ul>\n<li>Abergement de chemin\u00e9es<\/li>\n<li>Pose de ch\u00e9neaux et d\u2019\u00e9vacuations d\u2019eaux pluviales<\/li>\n<li>Entourages velux, noue et caniveaux.<\/li>\n<\/ul>\n<\/li>\n<\/ul>\n\n\t\t<\/div>\n\t<\/div>\n<\/div><\/div><\/div><div class=\"wpb_column vc_column_container vc_col-sm-6\"><div class=\"vc_column-inner\"><div class=\"wpb_wrapper\">\n\t<div  class=\"wpb_single_image wpb_content_element vc_align_center   image\">\n\t\t\n\t\t<figure class=\"wpb_wrapper vc_figure\">\n\t\t\t<div class=\"vc_single_image-wrapper   vc_box_border_grey\"><img loading=\"lazy\" decoding=\"async\" width=\"1024\" height=\"576\" src=\"https:\/\/www.2gcc.fr\/wp-content\/uploads\/2023\/09\/N\u00b01COUVERTURE-ZINGUERIE-1024x576.jpg\" class=\"vc_single_image-img attachment-large\" alt=\"\" title=\"N\u00b01COUVERTURE ZINGUERIE\" srcset=\"https:\/\/www.2gcc.fr\/wp-content\/uploads\/2023\/09\/N\u00b01COUVERTURE-ZINGUERIE-1024x576.jpg 1024w, https:\/\/www.2gcc.fr\/wp-content\/uploads\/2023\/09\/N\u00b01COUVERTURE-ZINGUERIE-300x169.jpg 300w, https:\/\/www.2gcc.fr\/wp-content\/uploads\/2023\/09\/N\u00b01COUVERTURE-ZINGUERIE-768x432.jpg 768w, https:\/\/www.2gcc.fr\/wp-content\/uploads\/2023\/09\/N\u00b01COUVERTURE-ZINGUERIE-1536x864.jpg 1536w, https:\/\/www.2gcc.fr\/wp-content\/uploads\/2023\/09\/N\u00b01COUVERTURE-ZINGUERIE-370x208.jpg 370w, https:\/\/www.2gcc.fr\/wp-content\/uploads\/2023\/09\/N\u00b01COUVERTURE-ZINGUERIE-770x433.jpg 770w, https:\/\/www.2gcc.fr\/wp-content\/uploads\/2023\/09\/N\u00b01COUVERTURE-ZINGUERIE-600x338.jpg 600w, https:\/\/www.2gcc.fr\/wp-content\/uploads\/2023\/09\/N\u00b01COUVERTURE-ZINGUERIE-270x152.jpg 270w, https:\/\/www.2gcc.fr\/wp-content\/uploads\/2023\/09\/N\u00b01COUVERTURE-ZINGUERIE.jpg 1920w\" sizes=\"auto, (max-width: 1024px) 100vw, 1024px\" \/><\/div>\n\t\t<\/figure>\n\t<\/div>\n<\/div><\/div><\/div><\/div><div class=\"vc_row-full-width vc_clearfix\"><\/div><div id=\"terrasse\" data-vc-full-width=\"true\" data-vc-full-width-init=\"false\" data-vc-stretch-content=\"true\" class=\"vc_row wpb_row vc_row-fluid vc_row-no-padding vc_row-o-content-middle vc_row-flex\"><div class=\"wpb_column vc_column_container vc_col-sm-6\"><div class=\"vc_column-inner\"><div class=\"wpb_wrapper\">\n\t<div  class=\"wpb_single_image wpb_content_element vc_align_center   image\">\n\t\t\n\t\t<figure class=\"wpb_wrapper vc_figure\">\n\t\t\t<div class=\"vc_single_image-wrapper   vc_box_border_grey\"><img loading=\"lazy\" decoding=\"async\" width=\"1024\" height=\"576\" src=\"https:\/\/www.2gcc.fr\/wp-content\/uploads\/2023\/09\/N\u00b01TERRASSE-AMENAGEMENT-BOIS-1024x576.jpg\" class=\"vc_single_image-img attachment-large\" alt=\"\" title=\"N\u00b01TERRASSE AMENAGEMENT BOIS\" srcset=\"https:\/\/www.2gcc.fr\/wp-content\/uploads\/2023\/09\/N\u00b01TERRASSE-AMENAGEMENT-BOIS-1024x576.jpg 1024w, https:\/\/www.2gcc.fr\/wp-content\/uploads\/2023\/09\/N\u00b01TERRASSE-AMENAGEMENT-BOIS-300x169.jpg 300w, https:\/\/www.2gcc.fr\/wp-content\/uploads\/2023\/09\/N\u00b01TERRASSE-AMENAGEMENT-BOIS-768x432.jpg 768w, https:\/\/www.2gcc.fr\/wp-content\/uploads\/2023\/09\/N\u00b01TERRASSE-AMENAGEMENT-BOIS-1536x864.jpg 1536w, https:\/\/www.2gcc.fr\/wp-content\/uploads\/2023\/09\/N\u00b01TERRASSE-AMENAGEMENT-BOIS-370x208.jpg 370w, https:\/\/www.2gcc.fr\/wp-content\/uploads\/2023\/09\/N\u00b01TERRASSE-AMENAGEMENT-BOIS-770x433.jpg 770w, https:\/\/www.2gcc.fr\/wp-content\/uploads\/2023\/09\/N\u00b01TERRASSE-AMENAGEMENT-BOIS-600x338.jpg 600w, https:\/\/www.2gcc.fr\/wp-content\/uploads\/2023\/09\/N\u00b01TERRASSE-AMENAGEMENT-BOIS-270x152.jpg 270w, https:\/\/www.2gcc.fr\/wp-content\/uploads\/2023\/09\/N\u00b01TERRASSE-AMENAGEMENT-BOIS.jpg 1920w\" sizes=\"auto, (max-width: 1024px) 100vw, 1024px\" \/><\/div>\n\t\t<\/figure>\n\t<\/div>\n<\/div><\/div><\/div><div class=\"texte-droite wpb_column vc_column_container vc_col-sm-6\"><div class=\"vc_column-inner\"><div class=\"wpb_wrapper\"><div id=\"sc_title_384947779\"\r\n\t\tclass=\"sc_title sc_title_default  vc_custom_1724944737686\"><h2 class=\"sc_item_title sc_title_title sc_align_default sc_item_title_style_default\">Terrasse \/ Am\u00e9nagement bois<\/h2><\/div><!-- \/.sc_title -->\n\t<div class=\"wpb_text_column wpb_content_element\" >\n\t\t<div class=\"wpb_wrapper\">\n\t\t\t<ul>\n<li>Conception logiciel 3D, \u00e9tude 3D, dimensionnement, plans pr\u00e9projet, plans d\u2019ex\u00e9cution et r\u00e9alisation de terrasse en lames bois sur structure bois ou b\u00e9ton<\/li>\n<li>Bardages bois ou m\u00e9tal sur mur bois ou b\u00e9ton.<\/li>\n<li>Am\u00e9nagement bois<\/li>\n<\/ul>\n\n\t\t<\/div>\n\t<\/div>\n<\/div><\/div><\/div><\/div><div class=\"vc_row-full-width vc_clearfix\"><\/div><div id=\"panneaux\" data-vc-full-width=\"true\" data-vc-full-width-init=\"false\" data-vc-stretch-content=\"true\" class=\"vc_row wpb_row vc_row-fluid vc_row-no-padding vc_row-o-content-middle vc_row-flex\"><div class=\"texte-gauche wpb_column vc_column_container vc_col-sm-6\"><div class=\"vc_column-inner\"><div class=\"wpb_wrapper\"><div id=\"sc_title_947309061\"\r\n\t\tclass=\"sc_title sc_title_default  vc_custom_1694681502863\"><h2 class=\"sc_item_title sc_title_title sc_align_default sc_item_title_style_default\">Panneaux solaires<\/h2><\/div><!-- \/.sc_title -->\n\t<div class=\"wpb_text_column wpb_content_element\" >\n\t\t<div class=\"wpb_wrapper\">\n\t\t\t<ul>\n<li>Pose de panneaux solaires photovolta\u00efques (uniquement en sur-imposition).<\/li>\n<\/ul>\n\n\t\t<\/div>\n\t<\/div>\n<\/div><\/div><\/div><div class=\"wpb_column vc_column_container vc_col-sm-6\"><div class=\"vc_column-inner\"><div class=\"wpb_wrapper\">\n\t<div  class=\"wpb_single_image wpb_content_element vc_align_center   image\">\n\t\t\n\t\t<figure class=\"wpb_wrapper vc_figure\">\n\t\t\t<div class=\"vc_single_image-wrapper   vc_box_border_grey\"><img loading=\"lazy\" decoding=\"async\" width=\"1024\" height=\"576\" src=\"https:\/\/www.2gcc.fr\/wp-content\/uploads\/2024\/05\/4-1024x576.jpg\" class=\"vc_single_image-img attachment-large\" alt=\"\" title=\"4\" srcset=\"https:\/\/www.2gcc.fr\/wp-content\/uploads\/2024\/05\/4-1024x576.jpg 1024w, https:\/\/www.2gcc.fr\/wp-content\/uploads\/2024\/05\/4-300x169.jpg 300w, https:\/\/www.2gcc.fr\/wp-content\/uploads\/2024\/05\/4-768x432.jpg 768w, https:\/\/www.2gcc.fr\/wp-content\/uploads\/2024\/05\/4-1536x864.jpg 1536w, https:\/\/www.2gcc.fr\/wp-content\/uploads\/2024\/05\/4-2048x1152.jpg 2048w, https:\/\/www.2gcc.fr\/wp-content\/uploads\/2024\/05\/4-18x10.jpg 18w, https:\/\/www.2gcc.fr\/wp-content\/uploads\/2024\/05\/4-370x208.jpg 370w, https:\/\/www.2gcc.fr\/wp-content\/uploads\/2024\/05\/4-770x433.jpg 770w, https:\/\/www.2gcc.fr\/wp-content\/uploads\/2024\/05\/4-270x152.jpg 270w\" sizes=\"auto, (max-width: 1024px) 100vw, 1024px\" \/><\/div>\n\t\t<\/figure>\n\t<\/div>\n<\/div><\/div><\/div><\/div><div class=\"vc_row-full-width vc_clearfix\"><\/div><div id=\"isolation\" data-vc-full-width=\"true\" data-vc-full-width-init=\"false\" data-vc-stretch-content=\"true\" class=\"vc_row wpb_row vc_row-fluid vc_row-no-padding vc_row-o-content-middle vc_row-flex\"><div class=\"wpb_column vc_column_container vc_col-sm-6\"><div class=\"vc_column-inner\"><div class=\"wpb_wrapper\">\n\t<div  class=\"wpb_single_image wpb_content_element vc_align_center   image\">\n\t\t\n\t\t<figure class=\"wpb_wrapper vc_figure\">\n\t\t\t<div class=\"vc_single_image-wrapper   vc_box_border_grey\"><img loading=\"lazy\" decoding=\"async\" width=\"1024\" height=\"768\" src=\"https:\/\/www.2gcc.fr\/wp-content\/uploads\/2024\/08\/IS6-1024x768.jpg\" class=\"vc_single_image-img attachment-large\" alt=\"\" title=\"IS6\" srcset=\"https:\/\/www.2gcc.fr\/wp-content\/uploads\/2024\/08\/IS6-1024x768.jpg 1024w, https:\/\/www.2gcc.fr\/wp-content\/uploads\/2024\/08\/IS6-300x225.jpg 300w, https:\/\/www.2gcc.fr\/wp-content\/uploads\/2024\/08\/IS6-768x576.jpg 768w, https:\/\/www.2gcc.fr\/wp-content\/uploads\/2024\/08\/IS6-1536x1152.jpg 1536w, https:\/\/www.2gcc.fr\/wp-content\/uploads\/2024\/08\/IS6-2048x1536.jpg 2048w, https:\/\/www.2gcc.fr\/wp-content\/uploads\/2024\/08\/IS6-16x12.jpg 16w, https:\/\/www.2gcc.fr\/wp-content\/uploads\/2024\/08\/IS6-370x278.jpg 370w, https:\/\/www.2gcc.fr\/wp-content\/uploads\/2024\/08\/IS6-770x578.jpg 770w\" sizes=\"auto, (max-width: 1024px) 100vw, 1024px\" \/><\/div>\n\t\t<\/figure>\n\t<\/div>\n<\/div><\/div><\/div><div class=\"texte-droite wpb_column vc_column_container vc_col-sm-6\"><div class=\"vc_column-inner\"><div class=\"wpb_wrapper\"><div id=\"sc_title_1450159489\"\r\n\t\tclass=\"sc_title sc_title_default  vc_custom_1694681512640\"><h2 class=\"sc_item_title sc_title_title sc_align_default sc_item_title_style_default\">Isolation<\/h2><\/div><!-- \/.sc_title -->\n\t<div class=\"wpb_text_column wpb_content_element\" >\n\t\t<div class=\"wpb_wrapper\">\n\t\t\t<ul style=\"font-weight: 400;\">\n<li>Aggr\u00e9es Reconnu Garant de l\u2019Environnement (RGE) et \u00e9tant qualifi\u00e9 chez QUALIBAT, nous r\u00e9alisons l\u2019isolation de \u00a0:<\/li>\n<li>Murs int\u00e9rieur, et rampant sous toiture<\/li>\n<li>Combles perdus \/ combles am\u00e9nag\u00e9s<\/li>\n<li>SARKING<\/li>\n<li>Nous nous adaptons \u00e0 chaque typologie de chantier. Nous privil\u00e9gions au maximum les mat\u00e9riaux biosourc\u00e9s type laine de bois\/laine de coton.<br \/>\nCes prestations sont ouvertes aux attributions des aides de l\u2019\u00e9tat gr\u00e2ce \u00e0 notre qualification RGE.<\/li>\n<\/ul>\n\n\t\t<\/div>\n\t<\/div>\n<\/div><\/div><\/div><\/div><div class=\"vc_row-full-width vc_clearfix\"><\/div><div id=\"velux\" data-vc-full-width=\"true\" data-vc-full-width-init=\"false\" data-vc-stretch-content=\"true\" class=\"vc_row wpb_row vc_row-fluid vc_row-no-padding vc_row-o-content-middle vc_row-flex\"><div class=\"texte-gauche wpb_column vc_column_container vc_col-sm-6\"><div class=\"vc_column-inner\"><div class=\"wpb_wrapper\"><div id=\"sc_title_891019101\"\r\n\t\tclass=\"sc_title sc_title_default  vc_custom_1694681522890\"><h2 class=\"sc_item_title sc_title_title sc_align_default sc_item_title_style_default\">Velux<\/h2><\/div><!-- \/.sc_title -->\n\t<div class=\"wpb_text_column wpb_content_element\" >\n\t\t<div class=\"wpb_wrapper\">\n\t\t\t<ul type=\"disc\">\n<li>Remplacement ou cr\u00e9ation, nous r\u00e9alisons la pose de tout types de fen\u00eatre de toit.<u><\/u><u><\/u><\/li>\n<li>Ces installations g\u00e9n\u00e8rent un apport de lumi\u00e8re n\u00e9cessaire au confort de vie, tout en garantissant une \u00e9tanch\u00e9it\u00e9 ainsi que d\u2019excellentes\u00a0 performances acoustique \/ thermique<u><\/u><u><\/u><\/li>\n<\/ul>\n\n\t\t<\/div>\n\t<\/div>\n<\/div><\/div><\/div><div class=\"wpb_column vc_column_container vc_col-sm-6\"><div class=\"vc_column-inner\"><div class=\"wpb_wrapper\">\n\t<div  class=\"wpb_single_image wpb_content_element vc_align_center   image\">\n\t\t\n\t\t<figure class=\"wpb_wrapper vc_figure\">\n\t\t\t<div class=\"vc_single_image-wrapper   vc_box_border_grey\"><img loading=\"lazy\" decoding=\"async\" width=\"1024\" height=\"768\" src=\"https:\/\/www.2gcc.fr\/wp-content\/uploads\/2024\/05\/2-1024x768.png\" class=\"vc_single_image-img attachment-large\" alt=\"\" title=\"2\" srcset=\"https:\/\/www.2gcc.fr\/wp-content\/uploads\/2024\/05\/2-1024x768.png 1024w, https:\/\/www.2gcc.fr\/wp-content\/uploads\/2024\/05\/2-300x225.png 300w, https:\/\/www.2gcc.fr\/wp-content\/uploads\/2024\/05\/2-768x576.png 768w, https:\/\/www.2gcc.fr\/wp-content\/uploads\/2024\/05\/2-1536x1152.png 1536w, https:\/\/www.2gcc.fr\/wp-content\/uploads\/2024\/05\/2-370x278.png 370w, https:\/\/www.2gcc.fr\/wp-content\/uploads\/2024\/05\/2-770x578.png 770w, https:\/\/www.2gcc.fr\/wp-content\/uploads\/2024\/05\/2.png 1920w\" sizes=\"auto, (max-width: 1024px) 100vw, 1024px\" \/><\/div>\n\t\t<\/figure>\n\t<\/div>\n<\/div><\/div><\/div><\/div><div class=\"vc_row-full-width vc_clearfix\"><\/div><div data-vc-full-width=\"true\" data-vc-full-width-init=\"false\" class=\"vc_row wpb_row vc_row-fluid custom_action vc_custom_1694681597254 vc_row-has-fill\"><div class=\"cta wpb_column vc_column_container vc_col-sm-12\"><div class=\"vc_column-inner\"><div class=\"wpb_wrapper\"><section class=\"vc_cta3-container\"><div class=\"vc_general vc_cta3 vc_cta3-style-classic vc_cta3-shape-square vc_cta3-align-left vc_cta3-color-white vc_cta3-icon-size-md vc_cta3-actions-bottom vc_custom_1694168638987\"><div class=\"vc_cta3_content-container\"><div class=\"vc_cta3-content\"><header class=\"vc_cta3-content-header\"><h2 style=\"font-size: 1.933em;text-align: left\" class=\"vc_custom_heading\" >Des projets sur mesure, de la conception \u00e0 la r\u00e9alisation, avec un r\u00e9seau de partenaires de qualit\u00e9.<\/h2><\/header><\/div><div class=\"vc_cta3-actions\"><div class=\"vc_btn3-container vc_btn3-inline\" ><a class=\"vc_general vc_btn3 vc_btn3-size-md vc_btn3-shape-round vc_btn3-style-modern vc_btn3-color-white\" href=\"\/en\/contacts\/\" title=\"Contacts\">J'ai un projet<\/a><\/div><\/div><\/div><\/div><\/section><\/div><\/div><\/div><\/div><div class=\"vc_row-full-width vc_clearfix\"><\/div>\n<\/section>","protected":false},"excerpt":{"rendered":"Charpente Conception, \u00e9tude 3D, dimensionnement, plans pr\u00e9projet et plans d\u2019ex\u00e9cution R\u00e9alisation de charpente traditionnelle ou industrielle Charpente maison individuelle, extension, Auvent bois, carport, Pergolas Ossature Bois Conception logiciel 3D, \u00e9tude 3D, dimensionnement, plans pr\u00e9projet et plans d\u2019ex\u00e9cution et r\u00e9alisation par nos soins de murs ossatures bois : Agrandissement Maison bois Couverture zinguerie R\u00e9alisation de toiture en neuf ou r\u00e9novation en&hellip;","protected":false},"author":1,"featured_media":0,"parent":0,"menu_order":0,"comment_status":"closed","ping_status":"closed","template":"","meta":{"footnotes":""},"class_list":["post-314","page","type-page","status-publish","hentry"],"yoast_head":"<!-- This site is optimized with the Yoast SEO plugin v26.7 - https:\/\/yoast.com\/wordpress\/plugins\/seo\/ -->\n<title>Savoir-Faire - 2GCC<\/title>\n<meta name=\"description\" content=\"Le savoir-faire de 2GCC : charpente, couverture, r\u00e9novation \u00e9nerg\u00e9tique, et pose de panneaux solaires\" \/>\n<meta name=\"robots\" content=\"index, follow, max-snippet:-1, max-image-preview:large, max-video-preview:-1\" \/>\n<link rel=\"canonical\" href=\"https:\/\/www.2gcc.fr\/en\/savoir-faire\/\" \/>\n<meta property=\"og:locale\" content=\"en_US\" \/>\n<meta property=\"og:type\" content=\"article\" \/>\n<meta property=\"og:title\" content=\"Savoir-Faire - 2GCC\" \/>\n<meta property=\"og:description\" content=\"Le savoir-faire de 2GCC : charpente, couverture, r\u00e9novation \u00e9nerg\u00e9tique, et pose de panneaux solaires\" \/>\n<meta property=\"og:url\" content=\"https:\/\/www.2gcc.fr\/en\/savoir-faire\/\" \/>\n<meta property=\"og:site_name\" content=\"2GCC\" \/>\n<meta property=\"article:modified_time\" content=\"2024-10-21T12:07:50+00:00\" \/>\n<meta name=\"twitter:card\" content=\"summary_large_image\" \/>\n<meta name=\"twitter:label1\" content=\"Est. reading time\" \/>\n\t<meta name=\"twitter:data1\" content=\"3 minutes\" \/>\n<script type=\"application\/ld+json\" class=\"yoast-schema-graph\">{\"@context\":\"https:\/\/schema.org\",\"@graph\":[{\"@type\":\"WebPage\",\"@id\":\"https:\/\/www.2gcc.fr\/savoir-faire\/\",\"url\":\"https:\/\/www.2gcc.fr\/savoir-faire\/\",\"name\":\"Savoir-Faire - 2GCC\",\"isPartOf\":{\"@id\":\"https:\/\/www.2gcc.fr\/#website\"},\"datePublished\":\"2016-10-17T12:05:23+00:00\",\"dateModified\":\"2024-10-21T12:07:50+00:00\",\"description\":\"Le savoir-faire de 2GCC : charpente, couverture, r\u00e9novation \u00e9nerg\u00e9tique, et pose de panneaux solaires\",\"breadcrumb\":{\"@id\":\"https:\/\/www.2gcc.fr\/savoir-faire\/#breadcrumb\"},\"inLanguage\":\"en-US\",\"potentialAction\":[{\"@type\":\"ReadAction\",\"target\":[\"https:\/\/www.2gcc.fr\/savoir-faire\/\"]}]},{\"@type\":\"BreadcrumbList\",\"@id\":\"https:\/\/www.2gcc.fr\/savoir-faire\/#breadcrumb\",\"itemListElement\":[{\"@type\":\"ListItem\",\"position\":1,\"name\":\"Accueil\",\"item\":\"https:\/\/www.2gcc.fr\/\"},{\"@type\":\"ListItem\",\"position\":2,\"name\":\"Savoir-Faire\"}]},{\"@type\":\"WebSite\",\"@id\":\"https:\/\/www.2gcc.fr\/#website\",\"url\":\"https:\/\/www.2gcc.fr\/\",\"name\":\"2GCC\",\"description\":\"2Gcc : Deux Fr\u00e8res, Un m\u00e9tier CONSTRUIRE, INNOVER, S\u2019ENGAGER\",\"potentialAction\":[{\"@type\":\"SearchAction\",\"target\":{\"@type\":\"EntryPoint\",\"urlTemplate\":\"https:\/\/www.2gcc.fr\/?s={search_term_string}\"},\"query-input\":{\"@type\":\"PropertyValueSpecification\",\"valueRequired\":true,\"valueName\":\"search_term_string\"}}],\"inLanguage\":\"en-US\"}]}<\/script>\n<!-- \/ Yoast SEO plugin. -->","yoast_head_json":{"title":"Savoir-Faire - 2GCC","description":"Le savoir-faire de 2GCC : charpente, couverture, r\u00e9novation \u00e9nerg\u00e9tique, et pose de panneaux solaires","robots":{"index":"index","follow":"follow","max-snippet":"max-snippet:-1","max-image-preview":"max-image-preview:large","max-video-preview":"max-video-preview:-1"},"canonical":"https:\/\/www.2gcc.fr\/en\/savoir-faire\/","og_locale":"en_US","og_type":"article","og_title":"Savoir-Faire - 2GCC","og_description":"Le savoir-faire de 2GCC : charpente, couverture, r\u00e9novation \u00e9nerg\u00e9tique, et pose de panneaux solaires","og_url":"https:\/\/www.2gcc.fr\/en\/savoir-faire\/","og_site_name":"2GCC","article_modified_time":"2024-10-21T12:07:50+00:00","twitter_card":"summary_large_image","twitter_misc":{"Est. reading time":"3 minutes"},"schema":{"@context":"https:\/\/schema.org","@graph":[{"@type":"WebPage","@id":"https:\/\/www.2gcc.fr\/savoir-faire\/","url":"https:\/\/www.2gcc.fr\/savoir-faire\/","name":"Savoir-Faire - 2GCC","isPartOf":{"@id":"https:\/\/www.2gcc.fr\/#website"},"datePublished":"2016-10-17T12:05:23+00:00","dateModified":"2024-10-21T12:07:50+00:00","description":"Le savoir-faire de 2GCC : charpente, couverture, r\u00e9novation \u00e9nerg\u00e9tique, et pose de panneaux solaires","breadcrumb":{"@id":"https:\/\/www.2gcc.fr\/savoir-faire\/#breadcrumb"},"inLanguage":"en-US","potentialAction":[{"@type":"ReadAction","target":["https:\/\/www.2gcc.fr\/savoir-faire\/"]}]},{"@type":"BreadcrumbList","@id":"https:\/\/www.2gcc.fr\/savoir-faire\/#breadcrumb","itemListElement":[{"@type":"ListItem","position":1,"name":"Accueil","item":"https:\/\/www.2gcc.fr\/"},{"@type":"ListItem","position":2,"name":"Savoir-Faire"}]},{"@type":"WebSite","@id":"https:\/\/www.2gcc.fr\/#website","url":"https:\/\/www.2gcc.fr\/","name":"2GCC","description":"2Gcc : Deux Fr\u00e8res, Un m\u00e9tier CONSTRUIRE, INNOVER, S\u2019ENGAGER","potentialAction":[{"@type":"SearchAction","target":{"@type":"EntryPoint","urlTemplate":"https:\/\/www.2gcc.fr\/?s={search_term_string}"},"query-input":{"@type":"PropertyValueSpecification","valueRequired":true,"valueName":"search_term_string"}}],"inLanguage":"en-US"}]}},"_links":{"self":[{"href":"https:\/\/www.2gcc.fr\/en\/wp-json\/wp\/v2\/pages\/314","targetHints":{"allow":["GET"]}}],"collection":[{"href":"https:\/\/www.2gcc.fr\/en\/wp-json\/wp\/v2\/pages"}],"about":[{"href":"https:\/\/www.2gcc.fr\/en\/wp-json\/wp\/v2\/types\/page"}],"author":[{"embeddable":true,"href":"https:\/\/www.2gcc.fr\/en\/wp-json\/wp\/v2\/users\/1"}],"replies":[{"embeddable":true,"href":"https:\/\/www.2gcc.fr\/en\/wp-json\/wp\/v2\/comments?post=314"}],"version-history":[{"count":31,"href":"https:\/\/www.2gcc.fr\/en\/wp-json\/wp\/v2\/pages\/314\/revisions"}],"predecessor-version":[{"id":4189,"href":"https:\/\/www.2gcc.fr\/en\/wp-json\/wp\/v2\/pages\/314\/revisions\/4189"}],"wp:attachment":[{"href":"https:\/\/www.2gcc.fr\/en\/wp-json\/wp\/v2\/media?parent=314"}],"curies":[{"name":"wp","href":"https:\/\/api.w.org\/{rel}","templated":true}]}}