{"id":135,"date":"2016-10-14T08:10:59","date_gmt":"2016-10-14T08:10:59","guid":{"rendered":"https:\/\/www.2gcc.fr\/?page_id=135"},"modified":"2024-10-21T14:17:56","modified_gmt":"2024-10-21T14:17:56","slug":"contacts","status":"publish","type":"page","link":"https:\/\/www.2gcc.fr\/en\/contacts\/","title":{"rendered":"Contacts"},"content":{"rendered":"<section class=\"wpb-content-wrapper\"><div class=\"vc_row wpb_row vc_row-fluid vc_custom_1548852959492\"><div class=\"wpb_column vc_column_container vc_col-sm-12\"><div class=\"vc_column-inner\"><div class=\"wpb_wrapper\"><div id=\"sc_title_563783805\"\r\n\t\tclass=\"sc_title sc_title_default\"><h2 class=\"sc_item_title sc_title_title sc_align_center sc_item_title_style_default\">Parlez nous de votre projet<\/h2><h6 class=\"sc_item_subtitle sc_title_subtitle sc_align_center sc_item_title_style_default\">Formulaire de contact<\/h6><\/div><!-- \/.sc_title --><\/div><\/div><\/div><\/div><div class=\"vc_row wpb_row vc_row-fluid contact_us vc_custom_1694679836861\"><div class=\"wpb_column vc_column_container vc_col-sm-2\"><div class=\"vc_column-inner\"><div class=\"wpb_wrapper\"><\/div><\/div><\/div><div class=\"wpb_column vc_column_container vc_col-sm-4\"><div class=\"vc_column-inner\"><div class=\"wpb_wrapper\">\n<div class=\"wpcf7 no-js\" id=\"wpcf7-f707-o1\" lang=\"en-US\" dir=\"ltr\" data-wpcf7-id=\"707\">\n<div class=\"screen-reader-response\"><p role=\"status\" aria-live=\"polite\" aria-atomic=\"true\"><\/p> <ul><\/ul><\/div>\n<form action=\"\/en\/wp-json\/wp\/v2\/pages\/135#wpcf7-f707-o1\" method=\"post\" class=\"wpcf7-form init\" aria-label=\"Contact form\" novalidate=\"novalidate\" data-status=\"init\" data-trp-original-action=\"\/en\/wp-json\/wp\/v2\/pages\/135#wpcf7-f707-o1\">\n<fieldset class=\"hidden-fields-container\"><input type=\"hidden\" name=\"_wpcf7\" value=\"707\" \/><input type=\"hidden\" name=\"_wpcf7_version\" value=\"6.1.4\" \/><input type=\"hidden\" name=\"_wpcf7_locale\" value=\"en_US\" \/><input type=\"hidden\" name=\"_wpcf7_unit_tag\" value=\"wpcf7-f707-o1\" \/><input type=\"hidden\" name=\"_wpcf7_container_post\" value=\"0\" \/><input type=\"hidden\" name=\"_wpcf7_posted_data_hash\" value=\"\" \/><input type=\"hidden\" name=\"_wpcf7_recaptcha_response\" value=\"\" \/>\n<\/fieldset>\n<div class=\"flex\">\n\t<div class='itm row' >\n\t\t<p><span class=\"wpcf7-form-control-wrap\" data-name=\"your-name\"><input size=\"40\" maxlength=\"400\" class=\"wpcf7-form-control wpcf7-text wpcf7-validates-as-required\" aria-required=\"true\" aria-invalid=\"false\" placeholder=\"Votre pr\u00e9nom \/ nom*\" value=\"\" type=\"text\" name=\"your-name\" \/><\/span>\n\t\t<\/p>\n\t<\/div>\n\t<div class='itm row'>\n\t\t<p><span class=\"wpcf7-form-control-wrap\" data-name=\"email\"><input size=\"40\" maxlength=\"400\" class=\"wpcf7-form-control wpcf7-email wpcf7-validates-as-required wpcf7-text wpcf7-validates-as-email\" aria-required=\"true\" aria-invalid=\"false\" placeholder=\"Votre e-mail*\" value=\"\" type=\"email\" name=\"email\" \/><\/span>\n\t\t<\/p>\n\t<\/div>\n<\/div>\n<div class='itm row'>\n\t<p><span class=\"wpcf7-form-control-wrap\" data-name=\"tel\"><input size=\"40\" maxlength=\"400\" class=\"wpcf7-form-control wpcf7-tel wpcf7-validates-as-required wpcf7-text wpcf7-validates-as-tel\" aria-required=\"true\" aria-invalid=\"false\" placeholder=\"Votre t\u00e9l\u00e9phone*\" value=\"\" type=\"tel\" name=\"tel\" \/><\/span>\n\t<\/p>\n<\/div>\n<div class=''>\n\t<p><span class=\"wpcf7-form-control-wrap\" data-name=\"your-message\"><textarea cols=\"40\" rows=\"10\" maxlength=\"2000\" class=\"wpcf7-form-control wpcf7-textarea wpcf7-validates-as-required\" aria-required=\"true\" aria-invalid=\"false\" placeholder=\"Votre message*\" name=\"your-message\"><\/textarea><\/span>\n\t<\/p>\n<\/div>\n<div class=\"bt\">\n\t<p><input class=\"wpcf7-form-control wpcf7-submit has-spinner\" type=\"submit\" value=\"Envoyer Message\" \/>\n\t<\/p>\n<\/div><div class=\"wpcf7-response-output\" aria-hidden=\"true\"><\/div>\n<input type=\"hidden\" name=\"trp-form-language\" value=\"en\"\/><\/form>\n<\/div>\n<div class=\"vc_empty_space  height_small\"   style=\"height: 32px\"><span class=\"vc_empty_space_inner\"><\/span><\/div><\/div><\/div><\/div><div class=\"wpb_column vc_column_container vc_col-sm-4\"><div class=\"vc_column-inner\"><div class=\"wpb_wrapper\">\n\t<div  class=\"wpb_single_image wpb_content_element vc_align_center  vc_custom_1694679882167\">\n\t\t\n\t\t<figure class=\"wpb_wrapper vc_figure\">\n\t\t\t<div class=\"vc_single_image-wrapper   vc_box_border_grey\"><img loading=\"lazy\" decoding=\"async\" width=\"300\" height=\"182\" src=\"https:\/\/www.2gcc.fr\/wp-content\/uploads\/2023\/07\/2gcc-favicon-e1694679749188-300x182.png\" class=\"vc_single_image-img attachment-medium\" alt=\"\" title=\"2gcc-favicon\" srcset=\"https:\/\/www.2gcc.fr\/wp-content\/uploads\/2023\/07\/2gcc-favicon-e1694679749188-300x182.png 300w, https:\/\/www.2gcc.fr\/wp-content\/uploads\/2023\/07\/2gcc-favicon-e1694679749188-370x225.png 370w, https:\/\/www.2gcc.fr\/wp-content\/uploads\/2023\/07\/2gcc-favicon-e1694679749188.png 512w\" sizes=\"auto, (max-width: 300px) 100vw, 300px\" \/><\/div>\n\t\t<\/figure>\n\t<\/div>\n\n\t<div class=\"wpb_text_column wpb_content_element\" >\n\t\t<div class=\"wpb_wrapper\">\n\t\t\t<div class=\"sc_form_info\">\n<div class=\"sc_form_info_item sc_form_info_item_address\" style=\"text-align: center;\"><span class=\"sc_form_info_area\"><span class=\"sc_form_info_title\"><strong>Adresse :<\/strong> <\/span><span class=\"sc_form_info_data\">LES GRANGES 01120 MONTLUEL<\/span><br \/>\n<\/span><\/div>\n<div class=\"sc_form_info_item sc_form_info_item_phone\" style=\"text-align: center;\"><span class=\"sc_form_info_area\"><strong><span class=\"sc_form_info_title\">T\u00e9l\u00e9phone : <\/span><\/strong><span class=\"sc_form_info_data\">07 68 66 20 12<\/span><\/span><\/div>\n<div class=\"sc_form_info_item sc_form_info_item_email\" style=\"text-align: center;\"><span class=\"sc_form_info_area\"><span class=\"sc_form_info_title\"><strong>E-mail :<\/strong> <\/span><span class=\"sc_form_info_data\"><a href=\"mailto:contact@2gcc.fr\">contact@2gcc.fr<\/a><\/span><br \/>\n<\/span><\/div>\n<\/div>\n\n\t\t<\/div>\n\t<\/div>\n<\/div><\/div><\/div><div class=\"wpb_column vc_column_container vc_col-sm-2\"><div class=\"vc_column-inner\"><div class=\"wpb_wrapper\"><\/div><\/div><\/div><\/div><div data-vc-full-width=\"true\" data-vc-full-width-init=\"false\" data-vc-stretch-content=\"true\" class=\"vc_row wpb_row vc_row-fluid vc_row-no-padding\"><div class=\"wpb_column vc_column_container vc_col-sm-12\"><div class=\"vc_column-inner\"><div class=\"wpb_wrapper\"><div id=\"sc_googlemap_396256741_wrap\" class=\"sc_googlemap_wrap\"><div id=\"sc_googlemap_396256741\"\r\n\t\t\tclass=\"sc_googlemap sc_googlemap_default\"\r\n\t\t\t style=\"width:100%;height:479px;\"\t\t\tdata-zoom=\"16\"\r\n\t\t\tdata-style=\"dark\"\r\n    ><iframe\r\n                src=\"https:\/\/maps.google.com\/maps?t=m&output=embed&iwloc=near&z=16&q=LES+GRANGES+01120+MONTLUEL@45.86791229248047,5.0272955894470215\"\r\n                aria-label=\"2GCC\"><\/iframe><\/div><\/div><!-- \/.sc_googlemap_wrap --><\/div><\/div><\/div><\/div><div class=\"vc_row-full-width vc_clearfix\"><\/div>\n<\/section>","protected":false},"excerpt":{"rendered":"Parlez nous de votre projetFormulaire de contact Adresse : LES GRANGES 01120 MONTLUEL T\u00e9l\u00e9phone : 07 68 66 20 12 E-mail : contact@2gcc.fr","protected":false},"author":1,"featured_media":0,"parent":0,"menu_order":0,"comment_status":"closed","ping_status":"closed","template":"","meta":{"footnotes":""},"class_list":["post-135","page","type-page","status-publish","hentry"],"yoast_head":"<!-- This site is optimized with the Yoast SEO plugin v26.7 - https:\/\/yoast.com\/wordpress\/plugins\/seo\/ -->\n<title>Contacts - 2GCC<\/title>\n<meta name=\"description\" content=\"Contact 2GCC pour vos projets de charpente, couverture, r\u00e9novation \u00e9nerg\u00e9tique et pose de panneaux solaires.\" \/>\n<meta name=\"robots\" content=\"index, follow, max-snippet:-1, max-image-preview:large, max-video-preview:-1\" \/>\n<link rel=\"canonical\" href=\"https:\/\/www.2gcc.fr\/en\/contacts\/\" \/>\n<meta property=\"og:locale\" content=\"en_US\" \/>\n<meta property=\"og:type\" content=\"article\" \/>\n<meta property=\"og:title\" content=\"Contacts - 2GCC\" \/>\n<meta property=\"og:description\" content=\"Contact 2GCC pour vos projets de charpente, couverture, r\u00e9novation \u00e9nerg\u00e9tique et pose de panneaux solaires.\" \/>\n<meta property=\"og:url\" content=\"https:\/\/www.2gcc.fr\/en\/contacts\/\" \/>\n<meta property=\"og:site_name\" content=\"2GCC\" \/>\n<meta property=\"article:modified_time\" content=\"2024-10-21T14:17:56+00:00\" \/>\n<meta name=\"twitter:card\" content=\"summary_large_image\" \/>\n<meta name=\"twitter:label1\" content=\"Est. reading time\" \/>\n\t<meta name=\"twitter:data1\" content=\"1 minute\" \/>\n<script type=\"application\/ld+json\" class=\"yoast-schema-graph\">{\"@context\":\"https:\/\/schema.org\",\"@graph\":[{\"@type\":\"WebPage\",\"@id\":\"https:\/\/www.2gcc.fr\/contacts\/\",\"url\":\"https:\/\/www.2gcc.fr\/contacts\/\",\"name\":\"Contacts - 2GCC\",\"isPartOf\":{\"@id\":\"https:\/\/www.2gcc.fr\/#website\"},\"datePublished\":\"2016-10-14T08:10:59+00:00\",\"dateModified\":\"2024-10-21T14:17:56+00:00\",\"description\":\"Contact 2GCC pour vos projets de charpente, couverture, r\u00e9novation \u00e9nerg\u00e9tique et pose de panneaux solaires.\",\"breadcrumb\":{\"@id\":\"https:\/\/www.2gcc.fr\/contacts\/#breadcrumb\"},\"inLanguage\":\"en-US\",\"potentialAction\":[{\"@type\":\"ReadAction\",\"target\":[\"https:\/\/www.2gcc.fr\/contacts\/\"]}]},{\"@type\":\"BreadcrumbList\",\"@id\":\"https:\/\/www.2gcc.fr\/contacts\/#breadcrumb\",\"itemListElement\":[{\"@type\":\"ListItem\",\"position\":1,\"name\":\"Accueil\",\"item\":\"https:\/\/www.2gcc.fr\/\"},{\"@type\":\"ListItem\",\"position\":2,\"name\":\"Contacts\"}]},{\"@type\":\"WebSite\",\"@id\":\"https:\/\/www.2gcc.fr\/#website\",\"url\":\"https:\/\/www.2gcc.fr\/\",\"name\":\"2GCC\",\"description\":\"2Gcc : Deux Fr\u00e8res, Un m\u00e9tier CONSTRUIRE, INNOVER, S\u2019ENGAGER\",\"potentialAction\":[{\"@type\":\"SearchAction\",\"target\":{\"@type\":\"EntryPoint\",\"urlTemplate\":\"https:\/\/www.2gcc.fr\/?s={search_term_string}\"},\"query-input\":{\"@type\":\"PropertyValueSpecification\",\"valueRequired\":true,\"valueName\":\"search_term_string\"}}],\"inLanguage\":\"en-US\"}]}<\/script>\n<!-- \/ Yoast SEO plugin. -->","yoast_head_json":{"title":"Contacts - 2GCC","description":"Contact 2GCC pour vos projets de charpente, couverture, r\u00e9novation \u00e9nerg\u00e9tique et pose de panneaux solaires.","robots":{"index":"index","follow":"follow","max-snippet":"max-snippet:-1","max-image-preview":"max-image-preview:large","max-video-preview":"max-video-preview:-1"},"canonical":"https:\/\/www.2gcc.fr\/en\/contacts\/","og_locale":"en_US","og_type":"article","og_title":"Contacts - 2GCC","og_description":"Contact 2GCC pour vos projets de charpente, couverture, r\u00e9novation \u00e9nerg\u00e9tique et pose de panneaux solaires.","og_url":"https:\/\/www.2gcc.fr\/en\/contacts\/","og_site_name":"2GCC","article_modified_time":"2024-10-21T14:17:56+00:00","twitter_card":"summary_large_image","twitter_misc":{"Est. reading time":"1 minute"},"schema":{"@context":"https:\/\/schema.org","@graph":[{"@type":"WebPage","@id":"https:\/\/www.2gcc.fr\/contacts\/","url":"https:\/\/www.2gcc.fr\/contacts\/","name":"Contacts - 2GCC","isPartOf":{"@id":"https:\/\/www.2gcc.fr\/#website"},"datePublished":"2016-10-14T08:10:59+00:00","dateModified":"2024-10-21T14:17:56+00:00","description":"Contact 2GCC pour vos projets de charpente, couverture, r\u00e9novation \u00e9nerg\u00e9tique et pose de panneaux solaires.","breadcrumb":{"@id":"https:\/\/www.2gcc.fr\/contacts\/#breadcrumb"},"inLanguage":"en-US","potentialAction":[{"@type":"ReadAction","target":["https:\/\/www.2gcc.fr\/contacts\/"]}]},{"@type":"BreadcrumbList","@id":"https:\/\/www.2gcc.fr\/contacts\/#breadcrumb","itemListElement":[{"@type":"ListItem","position":1,"name":"Accueil","item":"https:\/\/www.2gcc.fr\/"},{"@type":"ListItem","position":2,"name":"Contacts"}]},{"@type":"WebSite","@id":"https:\/\/www.2gcc.fr\/#website","url":"https:\/\/www.2gcc.fr\/","name":"2GCC","description":"2Gcc : Deux Fr\u00e8res, Un m\u00e9tier CONSTRUIRE, INNOVER, S\u2019ENGAGER","potentialAction":[{"@type":"SearchAction","target":{"@type":"EntryPoint","urlTemplate":"https:\/\/www.2gcc.fr\/?s={search_term_string}"},"query-input":{"@type":"PropertyValueSpecification","valueRequired":true,"valueName":"search_term_string"}}],"inLanguage":"en-US"}]}},"_links":{"self":[{"href":"https:\/\/www.2gcc.fr\/en\/wp-json\/wp\/v2\/pages\/135","targetHints":{"allow":["GET"]}}],"collection":[{"href":"https:\/\/www.2gcc.fr\/en\/wp-json\/wp\/v2\/pages"}],"about":[{"href":"https:\/\/www.2gcc.fr\/en\/wp-json\/wp\/v2\/types\/page"}],"author":[{"embeddable":true,"href":"https:\/\/www.2gcc.fr\/en\/wp-json\/wp\/v2\/users\/1"}],"replies":[{"embeddable":true,"href":"https:\/\/www.2gcc.fr\/en\/wp-json\/wp\/v2\/comments?post=135"}],"version-history":[{"count":17,"href":"https:\/\/www.2gcc.fr\/en\/wp-json\/wp\/v2\/pages\/135\/revisions"}],"predecessor-version":[{"id":4200,"href":"https:\/\/www.2gcc.fr\/en\/wp-json\/wp\/v2\/pages\/135\/revisions\/4200"}],"wp:attachment":[{"href":"https:\/\/www.2gcc.fr\/en\/wp-json\/wp\/v2\/media?parent=135"}],"curies":[{"name":"wp","href":"https:\/\/api.w.org\/{rel}","templated":true}]}}